{"id":1873,"date":"2025-04-07T06:38:23","date_gmt":"2025-04-07T06:38:23","guid":{"rendered":"https:\/\/elektrokomponenter.se\/?post_type=product&#038;p=1873"},"modified":"2025-05-19T13:29:46","modified_gmt":"2025-05-19T13:29:46","slug":"bs5","status":"publish","type":"product","link":"https:\/\/elektrokomponenter.se\/en\/solenoider\/linjara-solenoider\/bs5\/","title":{"rendered":"BS5"},"content":{"rendered":"<p class=\"\" data-start=\"122\" data-end=\"553\">The BS5 is a robust and versatile DC linear solenoid, available in both standard and long stroke versions. It is designed to deliver PULL, THRUST or combined PULL\/THRUST motion, making it suitable for a range of industrial and engineering applications. Weighing approximately 192 grams and with a plunger of up to 37 grams, the BS5 delivers reliable performance even in demanding applications.<\/p>\n<p class=\"\" data-start=\"555\" data-end=\"1039\">Solenoiden har en effektklassning p\u00e5 8W vid kontinuerlig drift och upp till 80W vid 10% intermittens, vilket ger flexibilitet i b\u00e5de l\u00e5g- och h\u00f6geffektapplikationer. Den \u00e4r utrustad med sidomonterade f\u00e4sten som standard (\u00e4ndmontering m\u00f6jlig), och den kan skr\u00e4ddarsys med returresort, nylonspets, varierande ledningsl\u00e4ngder, kopplingar och f\u00e4stanordningar. BS5 \u00e4r idealisk f\u00f6r anv\u00e4ndning inom automation, l\u00e5smekanismer, styrsystem och \u00f6vrig teknik d\u00e4r kraftfull linj\u00e4r r\u00f6relse kr\u00e4vs.<\/p>","protected":false},"excerpt":{"rendered":"<p>Power supply: DC<br \/>\nLength: 66.8mm<br \/>\nWidth: 41.3mm<br \/>\nHeight: 48.8mm (max)<br \/>\nStroke length: 27mm maximum<\/p>","protected":false},"featured_media":1874,"template":"","meta":{"_acf_changed":false,"site-sidebar-layout":"default","site-content-layout":"","ast-site-content-layout":"default","site-content-style":"default","site-sidebar-style":"default","ast-global-header-display":"","ast-banner-title-visibility":"","ast-main-header-display":"","ast-hfb-above-header-display":"","ast-hfb-below-header-display":"","ast-hfb-mobile-header-display":"","site-post-title":"","ast-breadcrumbs-content":"","ast-featured-img":"","footer-sml-layout":"","ast-disable-related-posts":"","theme-transparent-header-meta":"default","adv-header-id-meta":"","stick-header-meta":"","header-above-stick-meta":"","header-main-stick-meta":"","header-below-stick-meta":"","astra-migrate-meta-layouts":"set","ast-page-background-enabled":"default","ast-page-background-meta":{"desktop":{"background-color":"","background-image":"","background-repeat":"repeat","background-position":"center center","background-size":"auto","background-attachment":"scroll","background-type":"","background-media":"","overlay-type":"","overlay-color":"","overlay-opacity":"","overlay-gradient":""},"tablet":{"background-color":"","background-image":"","background-repeat":"repeat","background-position":"center center","background-size":"auto","background-attachment":"scroll","background-type":"","background-media":"","overlay-type":"","overlay-color":"","overlay-opacity":"","overlay-gradient":""},"mobile":{"background-color":"","background-image":"","background-repeat":"repeat","background-position":"center center","background-size":"auto","background-attachment":"scroll","background-type":"","background-media":"","overlay-type":"","overlay-color":"","overlay-opacity":"","overlay-gradient":""}},"ast-content-background-meta":{"desktop":{"background-color":"var(--ast-global-color-5)","background-image":"","background-repeat":"repeat","background-position":"center center","background-size":"auto","background-attachment":"scroll","background-type":"","background-media":"","overlay-type":"","overlay-color":"","overlay-opacity":"","overlay-gradient":""},"tablet":{"background-color":"var(--ast-global-color-5)","background-image":"","background-repeat":"repeat","background-position":"center center","background-size":"auto","background-attachment":"scroll","background-type":"","background-media":"","overlay-type":"","overlay-color":"","overlay-opacity":"","overlay-gradient":""},"mobile":{"background-color":"var(--ast-global-color-5)","background-image":"","background-repeat":"repeat","background-position":"center center","background-size":"auto","background-attachment":"scroll","background-type":"","background-media":"","overlay-type":"","overlay-color":"","overlay-opacity":"","overlay-gradient":""}}},"product_brand":[],"product_cat":[52,50],"product_tag":[],"class_list":{"0":"post-1873","1":"product","2":"type-product","3":"status-publish","4":"has-post-thumbnail","6":"product_cat-linjara-solenoider","7":"product_cat-solenoider","8":"desktop-align-left","9":"tablet-align-left","10":"mobile-align-left","12":"first","13":"instock","14":"shipping-taxable","15":"product-type-simple"},"acf":[],"_links":{"self":[{"href":"https:\/\/elektrokomponenter.se\/en\/wp-json\/wp\/v2\/product\/1873","targetHints":{"allow":["GET"]}}],"collection":[{"href":"https:\/\/elektrokomponenter.se\/en\/wp-json\/wp\/v2\/product"}],"about":[{"href":"https:\/\/elektrokomponenter.se\/en\/wp-json\/wp\/v2\/types\/product"}],"version-history":[{"count":5,"href":"https:\/\/elektrokomponenter.se\/en\/wp-json\/wp\/v2\/product\/1873\/revisions"}],"predecessor-version":[{"id":3085,"href":"https:\/\/elektrokomponenter.se\/en\/wp-json\/wp\/v2\/product\/1873\/revisions\/3085"}],"wp:featuredmedia":[{"embeddable":true,"href":"https:\/\/elektrokomponenter.se\/en\/wp-json\/wp\/v2\/media\/1874"}],"wp:attachment":[{"href":"https:\/\/elektrokomponenter.se\/en\/wp-json\/wp\/v2\/media?parent=1873"}],"wp:term":[{"taxonomy":"product_brand","embeddable":true,"href":"https:\/\/elektrokomponenter.se\/en\/wp-json\/wp\/v2\/product_brand?post=1873"},{"taxonomy":"product_cat","embeddable":true,"href":"https:\/\/elektrokomponenter.se\/en\/wp-json\/wp\/v2\/product_cat?post=1873"},{"taxonomy":"product_tag","embeddable":true,"href":"https:\/\/elektrokomponenter.se\/en\/wp-json\/wp\/v2\/product_tag?post=1873"}],"curies":[{"name":"wp","href":"https:\/\/api.w.org\/{rel}","templated":true}]}}