{"id":2893,"date":"2025-05-16T14:25:48","date_gmt":"2025-05-16T14:25:48","guid":{"rendered":"https:\/\/elektrokomponenter.se\/?post_type=product&#038;p=2893"},"modified":"2025-05-16T14:26:30","modified_gmt":"2025-05-16T14:26:30","slug":"shsd24-01a","status":"publish","type":"product","link":"https:\/\/elektrokomponenter.se\/en\/sma-motorer\/motorstyrning\/shsd24-01a\/","title":{"rendered":"SHSD24-01A"},"content":{"rendered":"<p>The SHSD24-01A is an advanced drive controller designed to control Orbray brushless motors. It is compatible with all models in the range and works with both Hall sensors and sensorless motors. The driver automatically adjusts the supply voltage if there is a deviation between the desired and actual speed, ensuring stable and precise operation.<\/p>\n<p>To protect both the motor and the system, the SHSD24-01A is equipped with a current limiting function. The current status can be monitored via LED or LCD indication as well as via analog voltage output. This unit is sold in combination with Orbray brushless motors and is suitable for applications where reliable and flexible speed control is crucial \u2013 for example in precision automation, instrumentation and micromechanics.<\/p>","protected":false},"excerpt":{"rendered":"<p>SHSD24-01A \u00e4r en avancerad drivkontroller designad f\u00f6r att styra Orbrays borstl\u00f6sa motorer. Den \u00e4r kompatibel med samtliga modeller i sortimentet och fungerar b\u00e5de med motorer som har Hallsensorer och sensorl\u00f6sa varianter. Drivern justerar automatiskt matningssp\u00e4nningen om det uppst\u00e5r en avvikelse mellan \u00f6nskat och faktiskt varvtal, vilket s\u00e4kerst\u00e4ller stabil och exakt drift. F\u00f6r att skydda b\u00e5de [&hellip;]<\/p>\n","protected":false},"featured_media":2894,"template":"","meta":{"_acf_changed":false,"site-sidebar-layout":"default","site-content-layout":"","ast-site-content-layout":"default","site-content-style":"default","site-sidebar-style":"default","ast-global-header-display":"","ast-banner-title-visibility":"","ast-main-header-display":"","ast-hfb-above-header-display":"","ast-hfb-below-header-display":"","ast-hfb-mobile-header-display":"","site-post-title":"","ast-breadcrumbs-content":"","ast-featured-img":"","footer-sml-layout":"","ast-disable-related-posts":"","theme-transparent-header-meta":"default","adv-header-id-meta":"","stick-header-meta":"","header-above-stick-meta":"","header-main-stick-meta":"","header-below-stick-meta":"","astra-migrate-meta-layouts":"set","ast-page-background-enabled":"default","ast-page-background-meta":{"desktop":{"background-color":"","background-image":"","background-repeat":"repeat","background-position":"center center","background-size":"auto","background-attachment":"scroll","background-type":"","background-media":"","overlay-type":"","overlay-color":"","overlay-opacity":"","overlay-gradient":""},"tablet":{"background-color":"","background-image":"","background-repeat":"repeat","background-position":"center center","background-size":"auto","background-attachment":"scroll","background-type":"","background-media":"","overlay-type":"","overlay-color":"","overlay-opacity":"","overlay-gradient":""},"mobile":{"background-color":"","background-image":"","background-repeat":"repeat","background-position":"center center","background-size":"auto","background-attachment":"scroll","background-type":"","background-media":"","overlay-type":"","overlay-color":"","overlay-opacity":"","overlay-gradient":""}},"ast-content-background-meta":{"desktop":{"background-color":"var(--ast-global-color-5)","background-image":"","background-repeat":"repeat","background-position":"center center","background-size":"auto","background-attachment":"scroll","background-type":"","background-media":"","overlay-type":"","overlay-color":"","overlay-opacity":"","overlay-gradient":""},"tablet":{"background-color":"var(--ast-global-color-5)","background-image":"","background-repeat":"repeat","background-position":"center center","background-size":"auto","background-attachment":"scroll","background-type":"","background-media":"","overlay-type":"","overlay-color":"","overlay-opacity":"","overlay-gradient":""},"mobile":{"background-color":"var(--ast-global-color-5)","background-image":"","background-repeat":"repeat","background-position":"center center","background-size":"auto","background-attachment":"scroll","background-type":"","background-media":"","overlay-type":"","overlay-color":"","overlay-opacity":"","overlay-gradient":""}}},"product_brand":[],"product_cat":[71,64],"product_tag":[],"class_list":{"0":"post-2893","1":"product","2":"type-product","3":"status-publish","4":"has-post-thumbnail","6":"product_cat-motorstyrning","7":"product_cat-sma-motorer","8":"desktop-align-left","9":"tablet-align-left","10":"mobile-align-left","12":"first","13":"instock","14":"shipping-taxable","15":"product-type-simple"},"acf":[],"_links":{"self":[{"href":"https:\/\/elektrokomponenter.se\/en\/wp-json\/wp\/v2\/product\/2893","targetHints":{"allow":["GET"]}}],"collection":[{"href":"https:\/\/elektrokomponenter.se\/en\/wp-json\/wp\/v2\/product"}],"about":[{"href":"https:\/\/elektrokomponenter.se\/en\/wp-json\/wp\/v2\/types\/product"}],"version-history":[{"count":1,"href":"https:\/\/elektrokomponenter.se\/en\/wp-json\/wp\/v2\/product\/2893\/revisions"}],"predecessor-version":[{"id":2896,"href":"https:\/\/elektrokomponenter.se\/en\/wp-json\/wp\/v2\/product\/2893\/revisions\/2896"}],"wp:featuredmedia":[{"embeddable":true,"href":"https:\/\/elektrokomponenter.se\/en\/wp-json\/wp\/v2\/media\/2894"}],"wp:attachment":[{"href":"https:\/\/elektrokomponenter.se\/en\/wp-json\/wp\/v2\/media?parent=2893"}],"wp:term":[{"taxonomy":"product_brand","embeddable":true,"href":"https:\/\/elektrokomponenter.se\/en\/wp-json\/wp\/v2\/product_brand?post=2893"},{"taxonomy":"product_cat","embeddable":true,"href":"https:\/\/elektrokomponenter.se\/en\/wp-json\/wp\/v2\/product_cat?post=2893"},{"taxonomy":"product_tag","embeddable":true,"href":"https:\/\/elektrokomponenter.se\/en\/wp-json\/wp\/v2\/product_tag?post=2893"}],"curies":[{"name":"wp","href":"https:\/\/api.w.org\/{rel}","templated":true}]}}